{"id":9065,"date":"2025-08-31T13:14:44","date_gmt":"2025-08-31T13:14:44","guid":{"rendered":"https:\/\/de-todo.nl\/?page_id=9065"},"modified":"2025-08-31T14:09:28","modified_gmt":"2025-08-31T14:09:28","slug":"disclaimer_page","status":"publish","type":"page","link":"https:\/\/de-todo.nl\/es\/disclaimer_page\/","title":{"rendered":"Disclaimer"},"content":{"rendered":"<div data-elementor-type=\"wp-page\" data-elementor-id=\"9065\" class=\"elementor elementor-9065\" data-elementor-post-type=\"page\">\n\t\t\t\t<div class=\"elementor-element elementor-element-f16e259 e-flex e-con-boxed e-con e-parent\" data-id=\"f16e259\" data-element_type=\"container\" data-e-type=\"container\">\n\t\t\t\t\t<div class=\"e-con-inner\">\n\t\t\t\t<div class=\"elementor-element elementor-element-567f977 elementor-widget elementor-widget-text-editor\" data-id=\"567f977\" data-element_type=\"widget\" data-e-type=\"widget\" data-widget_type=\"text-editor.default\">\n\t\t\t\t<div class=\"elementor-widget-container\">\n\t\t\t\t\t\t\t\t\t<h1 style=\"text-align: center;\" data-start=\"237\" data-end=\"270\">Descargo de responsabilidad \u2013    De Todo Agency<\/h1><p data-start=\"272\" data-end=\"611\">La informaci\u00f3n proporcionada en este sitio web es s\u00f3lo para fines informativos generales. Aunque nos esforzamos por mantener todo el contenido exacto y actualizado, De Todo Agency no hace representaciones o garant\u00edas de ning\u00fan tipo, expresas o impl\u00edcitas, sobre la integridad, exactitud, fiabilidad o idoneidad de la informaci\u00f3n contenida en este sitio.<\/p><p data-start=\"613\" data-end=\"697\">Por lo tanto, cualquier confianza que deposite en dicha informaci\u00f3n es estrictamente por su cuenta y riesgo.<\/p><p data-start=\"699\" data-end=\"864\">De Todo Agency no ser\u00e1 responsable de ninguna p\u00e9rdida o da\u00f1o, incluyendo p\u00e9rdidas indirectas o consecuentes, que surjan de, o en conexi\u00f3n con, el uso de este sitio web.<\/p><p data-start=\"866\" data-end=\"1159\">A trav\u00e9s de este sitio web, usted puede enlazar con otros sitios web que no est\u00e1n bajo el control de De Todo Agency. No tenemos ning\u00fan control sobre la naturaleza, el contenido y la disponibilidad de esos sitios. La inclusi\u00f3n de cualquier enlace no implica necesariamente una recomendaci\u00f3n o aprobaci\u00f3n de las opiniones expresadas en ellos.<\/p>\t\t\t\t\t\t\t\t<\/div>\n\t\t\t\t<\/div>\n\t\t\t\t\t<\/div>\n\t\t\t\t<\/div>\n\t\t\t\t<\/div>","protected":false},"excerpt":{"rendered":"<p>Descargo de responsabilidad - Agencia De Todo La informaci\u00f3n proporcionada en este sitio web es s\u00f3lo para fines informativos generales. Aunque nos esforzamos por mantener todo el contenido preciso y actualizado, De [...]<\/p>","protected":false},"author":1,"featured_media":0,"parent":0,"menu_order":0,"comment_status":"closed","ping_status":"closed","template":"","meta":{"footnotes":""},"class_list":["post-9065","page","type-page","status-publish","hentry"],"aioseo_notices":[],"_links":{"self":[{"href":"https:\/\/de-todo.nl\/es\/wp-json\/wp\/v2\/pages\/9065","targetHints":{"allow":["GET"]}}],"collection":[{"href":"https:\/\/de-todo.nl\/es\/wp-json\/wp\/v2\/pages"}],"about":[{"href":"https:\/\/de-todo.nl\/es\/wp-json\/wp\/v2\/types\/page"}],"author":[{"embeddable":true,"href":"https:\/\/de-todo.nl\/es\/wp-json\/wp\/v2\/users\/1"}],"replies":[{"embeddable":true,"href":"https:\/\/de-todo.nl\/es\/wp-json\/wp\/v2\/comments?post=9065"}],"version-history":[{"count":8,"href":"https:\/\/de-todo.nl\/es\/wp-json\/wp\/v2\/pages\/9065\/revisions"}],"predecessor-version":[{"id":9075,"href":"https:\/\/de-todo.nl\/es\/wp-json\/wp\/v2\/pages\/9065\/revisions\/9075"}],"wp:attachment":[{"href":"https:\/\/de-todo.nl\/es\/wp-json\/wp\/v2\/media?parent=9065"}],"curies":[{"name":"wp","href":"https:\/\/api.w.org\/{rel}","templated":true}]}}