{"id":9059,"date":"2025-08-31T12:45:23","date_gmt":"2025-08-31T12:45:23","guid":{"rendered":"https:\/\/de-todo.nl\/?page_id=9059"},"modified":"2025-08-31T12:56:10","modified_gmt":"2025-08-31T12:56:10","slug":"privacy-cookie-policy","status":"publish","type":"page","link":"https:\/\/de-todo.nl\/es\/privacy-cookie-policy\/","title":{"rendered":"Pol\u00edtica de privacidad y cookies"},"content":{"rendered":"<div data-elementor-type=\"wp-page\" data-elementor-id=\"9059\" class=\"elementor elementor-9059\" data-elementor-post-type=\"page\">\n\t\t\t\t<div class=\"elementor-element elementor-element-a635df9 e-flex e-con-boxed e-con e-parent\" data-id=\"a635df9\" data-element_type=\"container\" data-e-type=\"container\">\n\t\t\t\t\t<div class=\"e-con-inner\">\n\t\t\t\t<div class=\"elementor-element elementor-element-c8ba2cb elementor-widget elementor-widget-text-editor\" data-id=\"c8ba2cb\" data-element_type=\"widget\" data-e-type=\"widget\" data-widget_type=\"text-editor.default\">\n\t\t\t\t<div class=\"elementor-widget-container\">\n\t\t\t\t\t\t\t\t\t<h1 style=\"text-align: center;\" data-start=\"332\" data-end=\"378\">Pol\u00edtica de privacidad y Cookies<\/h1><h1 style=\"text-align: center;\" data-start=\"332\" data-end=\"378\">De Todo Agency<\/h1><p data-start=\"380\" data-end=\"409\"><em data-start=\"380\" data-end=\"409\">\u00daltima actualizaci\u00f3n: 31 de agosto de 2025<\/em><\/p><h2 data-start=\"411\" data-end=\"431\">1. Introducci\u00f3n<\/h2><p data-start=\"432\" data-end=\"648\">En  De Todo Agency valoramos su privacidad y nos comprometemos a proteger sus datos personales. Esta pol\u00edtica explica c\u00f3mo recopilamos, utilizamos y protegemos su informaci\u00f3n cuando interact\u00faa con nuestro sitio web y nuestros servicios.<\/p><p data-start=\"650\" data-end=\"743\">Al utilizar nuestro sitio web, usted acepta las pr\u00e1cticas descritas en esta Pol\u00edtica de Privacidad y Cookies.<\/p><hr data-start=\"745\" data-end=\"748\" \/><h2 data-start=\"750\" data-end=\"773\">2. Datos que recopilamos<\/h2><p data-start=\"774\" data-end=\"862\">Cuando se registra, se pone en contacto con nosotros o utiliza nuestros servicios, podemos recopilar los siguientes datos:<\/p><ul data-start=\"863\" data-end=\"1037\"><li data-start=\"863\" data-end=\"883\"><p data-start=\"865\" data-end=\"883\">Nombre y apellidos<\/p><\/li><li data-start=\"884\" data-end=\"900\"><p data-start=\"886\" data-end=\"900\">Nombre de la empresa<\/p><\/li><li data-start=\"901\" data-end=\"918\"><p data-start=\"903\" data-end=\"918\">Direcci\u00f3n de correo electr\u00f3nico<\/p><\/li><li data-start=\"919\" data-end=\"935\"><p data-start=\"921\" data-end=\"935\">N\u00famero de tel\u00e9fono<\/p><\/li><li data-start=\"936\" data-end=\"984\"><p data-start=\"938\" data-end=\"984\">Datos de facturaci\u00f3n y entrega (si procede)<\/p><\/li><li data-start=\"985\" data-end=\"1037\"><p data-start=\"987\" data-end=\"1037\">Cualquier informaci\u00f3n adicional que desee facilitar<\/p><\/li><\/ul><p data-start=\"1039\" data-end=\"1113\">S\u00f3lo recopilamos los datos pertinentes para prestarle nuestros servicios.<\/p><hr data-start=\"1115\" data-end=\"1118\" \/><h2 data-start=\"1120\" data-end=\"1148\">3. C\u00f3mo utilizamos sus datos<\/h2><p data-start=\"1149\" data-end=\"1211\">Utilizamos su informaci\u00f3n personal para los siguientes fines:<\/p><ul data-start=\"1212\" data-end=\"1463\"><li data-start=\"1212\" data-end=\"1265\"><p data-start=\"1214\" data-end=\"1265\">Tramitar inscripciones y responder a consultas<\/p><\/li><li data-start=\"1266\" data-end=\"1336\"><p data-start=\"1268\" data-end=\"1336\">Para proporcionarle acceso a nuestros servicios e informaci\u00f3n sobre productos<\/p><\/li><li data-start=\"1337\" data-end=\"1411\"><p data-start=\"1339\" data-end=\"1411\">Para comunicarle actualizaciones, nuevos productos o cambios en nuestros servicios.<\/p><\/li><li data-start=\"1412\" data-end=\"1463\"><p data-start=\"1414\" data-end=\"1463\">Cumplir las obligaciones legales y reglamentarias<\/p><\/li><\/ul><p data-start=\"1465\" data-end=\"1513\">Nunca venderemos sus datos a terceros.<\/p><hr data-start=\"1515\" data-end=\"1518\" \/><h2 data-start=\"1520\" data-end=\"1542\">4. 4. Conservaci\u00f3n de datos<\/h2><p data-start=\"1543\" data-end=\"1720\">Conservamos sus datos personales s\u00f3lo el tiempo necesario para prestar nuestros servicios o cumplir con los requisitos legales. Transcurrido este plazo, sus datos se eliminar\u00e1n de forma segura.<\/p><hr data-start=\"1722\" data-end=\"1725\" \/><h2 data-start=\"1727\" data-end=\"1752\">5. Compartir sus datos<\/h2><p data-start=\"1753\" data-end=\"1814\">Podemos compartir sus datos con terceros de confianza, como:<\/p><ul data-start=\"1815\" data-end=\"1902\"><li data-start=\"1815\" data-end=\"1851\"><p data-start=\"1817\" data-end=\"1851\">Alojamiento web y proveedores inform\u00e1ticos<\/p><\/li><li data-start=\"1852\" data-end=\"1902\"><p data-start=\"1854\" data-end=\"1902\">Socios de pago y log\u00edstica (si procede)<\/p><\/li><\/ul><p data-start=\"1904\" data-end=\"2020\">Estos terceros est\u00e1n obligados a tratar sus datos de conformidad con el GDPR y solo para los fines que especifiquemos.<\/p><hr data-start=\"2022\" data-end=\"2025\" \/><h2 data-start=\"2027\" data-end=\"2042\">6. Cookies<\/h2><p data-start=\"2043\" data-end=\"2116\">Nuestro sitio web utiliza cookies para garantizar una experiencia de usuario fluida y segura.<\/p><ul data-start=\"2117\" data-end=\"2361\"><li data-start=\"2117\" data-end=\"2205\"><p data-start=\"2119\" data-end=\"2205\"><strong data-start=\"2119\" data-end=\"2140\">Cookies esenciales<\/strong>: Necesario para la funcionalidad del sitio web (por ejemplo, inicio de sesi\u00f3n, navegaci\u00f3n).<\/p><\/li><li data-start=\"2206\" data-end=\"2361\"><p data-start=\"2208\" data-end=\"2361\"><strong data-start=\"2208\" data-end=\"2242\">Cookies anal\u00edticas o de marketing<\/strong>: Google Analytics, Meta Pixel<\/p><\/li><\/ul><p data-start=\"2363\" data-end=\"2436\">Puede controlar o eliminar las cookies en la configuraci\u00f3n de su navegador en cualquier momento.<\/p><hr data-start=\"2438\" data-end=\"2441\" \/><h2 data-start=\"2443\" data-end=\"2462\">7. Sus derechos<\/h2><p data-start=\"2463\" data-end=\"2498\">Como usuario, tiene derecho a:<\/p><ul data-start=\"2499\" data-end=\"2694\"><li data-start=\"2499\" data-end=\"2545\"><p data-start=\"2501\" data-end=\"2545\">Acceder a los datos personales que tenemos sobre usted<\/p><\/li><li data-start=\"2546\" data-end=\"2593\"><p data-start=\"2548\" data-end=\"2593\">Solicitar la rectificaci\u00f3n o supresi\u00f3n de sus datos<\/p><\/li><li data-start=\"2594\" data-end=\"2631\"><p data-start=\"2596\" data-end=\"2631\">Retirar su consentimiento en cualquier momento<\/p><\/li><li data-start=\"2632\" data-end=\"2694\"><p data-start=\"2634\" data-end=\"2694\">Presentar una denuncia ante la autoridad local de protecci\u00f3n de datos<\/p><\/li><\/ul><p data-start=\"2696\" data-end=\"2773\">Para ejercer estos derechos, p\u00f3ngase en contacto con nosotros en <b>info@de-todo.nl<\/b><\/p><hr data-start=\"2775\" data-end=\"2778\" \/><h2 data-start=\"2780\" data-end=\"2795\">8. Contacto<\/h2><p data-start=\"2796\" data-end=\"2901\">Si tiene alguna pregunta sobre esta Pol\u00edtica de Privacidad y Cookies o sobre c\u00f3mo tratamos sus datos, p\u00f3ngase en contacto con nosotros:<\/p><p style=\"text-align: center;\" data-start=\"2903\" data-end=\"3023\"><strong data-start=\"2903\" data-end=\"2921\">De Todo Agency<\/strong><br data-start=\"2921\" data-end=\"2924\" \/>Correo electr\u00f3nico: info@de-todo.nl<br data-start=\"2953\" data-end=\"2956\" \/>Tel\u00e9fono: +31 6 15426129 \/ +31 6 46613128 \/ +34 6 44187796<br data-start=\"2984\" data-end=\"2987\" \/>Direcci\u00f3n: Straat van Corsica, 76 \/ 3825 VA Amersfoort \/ Pa\u00edses Bajos<\/p>\t\t\t\t\t\t\t\t<\/div>\n\t\t\t\t<\/div>\n\t\t\t\t\t<\/div>\n\t\t\t\t<\/div>\n\t\t\t\t<\/div>","protected":false},"excerpt":{"rendered":"<p>Pol\u00edtica de privacidad y cookies Agencia De Todo \u00daltima actualizaci\u00f3n: 31 de agosto de 2025 1. Introducci\u00f3n En De Todo Agency valoramos su privacidad y nos comprometemos a proteger sus datos personales. [...]<\/p>","protected":false},"author":1,"featured_media":0,"parent":0,"menu_order":0,"comment_status":"closed","ping_status":"closed","template":"","meta":{"footnotes":""},"class_list":["post-9059","page","type-page","status-publish","hentry"],"aioseo_notices":[],"_links":{"self":[{"href":"https:\/\/de-todo.nl\/es\/wp-json\/wp\/v2\/pages\/9059","targetHints":{"allow":["GET"]}}],"collection":[{"href":"https:\/\/de-todo.nl\/es\/wp-json\/wp\/v2\/pages"}],"about":[{"href":"https:\/\/de-todo.nl\/es\/wp-json\/wp\/v2\/types\/page"}],"author":[{"embeddable":true,"href":"https:\/\/de-todo.nl\/es\/wp-json\/wp\/v2\/users\/1"}],"replies":[{"embeddable":true,"href":"https:\/\/de-todo.nl\/es\/wp-json\/wp\/v2\/comments?post=9059"}],"version-history":[{"count":5,"href":"https:\/\/de-todo.nl\/es\/wp-json\/wp\/v2\/pages\/9059\/revisions"}],"predecessor-version":[{"id":9064,"href":"https:\/\/de-todo.nl\/es\/wp-json\/wp\/v2\/pages\/9059\/revisions\/9064"}],"wp:attachment":[{"href":"https:\/\/de-todo.nl\/es\/wp-json\/wp\/v2\/media?parent=9059"}],"curies":[{"name":"wp","href":"https:\/\/api.w.org\/{rel}","templated":true}]}}